{"id":52,"date":"2019-10-07T23:37:43","date_gmt":"2019-10-07T23:37:43","guid":{"rendered":"http:\/\/greenbizzconsulting.co\/sitio\/?page_id=52"},"modified":"2019-10-08T16:42:47","modified_gmt":"2019-10-08T16:42:47","slug":"otros","status":"publish","type":"page","link":"https:\/\/greenbizzconsulting.com\/sitio\/otros\/","title":{"rendered":"Otros."},"content":{"rendered":"\n<p>Dise\u00f1o, exploraci\u00f3n, asesor\u00eda, capacitaci\u00f3n, desarrollo y seguimiento de bionegocios y bioempresas en las siguientes \u00e1reas:<\/p>\n\n\n\n<ul><li>Agroindustrias verdes<\/li><li>Gastronom\u00eda org\u00e1nica<\/li><li>Ciudades verdes (agricultura org\u00e1nica urbana, ecourbanismo, bioarquitectura, aguas, saneamiento, paisajismo y ornato)<\/li><li>Energ\u00edas alternativas<\/li><li>Suministro de bioinsumos y biopreparados<\/li><li>Transporte limpio<\/li><li>Miner\u00eda verde<\/li><li>Joyer\u00eda y moda ecol\u00f3gica<\/li><\/ul>\n","protected":false},"excerpt":{"rendered":"<p>Dise\u00f1o, exploraci\u00f3n, asesor\u00eda, capacitaci\u00f3n, desarrollo y seguimiento de bionegocios y bioempresas en las siguientes \u00e1reas: Agroindustrias verdes Gastronom\u00eda org\u00e1nica Ciudades verdes (agricultura org\u00e1nica urbana, ecourbanismo, bioarquitectura, aguas, saneamiento, paisajismo y ornato) Energ\u00edas alternativas Suministro de bioinsumos y biopreparados Transporte limpio Miner\u00eda verde Joyer\u00eda y moda ecol\u00f3gica<\/p>\n","protected":false},"author":1,"featured_media":0,"parent":0,"menu_order":0,"comment_status":"closed","ping_status":"closed","template":"","meta":{"footnotes":""},"_links":{"self":[{"href":"https:\/\/greenbizzconsulting.com\/sitio\/wp-json\/wp\/v2\/pages\/52"}],"collection":[{"href":"https:\/\/greenbizzconsulting.com\/sitio\/wp-json\/wp\/v2\/pages"}],"about":[{"href":"https:\/\/greenbizzconsulting.com\/sitio\/wp-json\/wp\/v2\/types\/page"}],"author":[{"embeddable":true,"href":"https:\/\/greenbizzconsulting.com\/sitio\/wp-json\/wp\/v2\/users\/1"}],"replies":[{"embeddable":true,"href":"https:\/\/greenbizzconsulting.com\/sitio\/wp-json\/wp\/v2\/comments?post=52"}],"version-history":[{"count":1,"href":"https:\/\/greenbizzconsulting.com\/sitio\/wp-json\/wp\/v2\/pages\/52\/revisions"}],"predecessor-version":[{"id":53,"href":"https:\/\/greenbizzconsulting.com\/sitio\/wp-json\/wp\/v2\/pages\/52\/revisions\/53"}],"wp:attachment":[{"href":"https:\/\/greenbizzconsulting.com\/sitio\/wp-json\/wp\/v2\/media?parent=52"}],"curies":[{"name":"wp","href":"https:\/\/api.w.org\/{rel}","templated":true}]}}