{"id":26,"date":"2019-10-07T23:02:24","date_gmt":"2019-10-07T23:02:24","guid":{"rendered":"http:\/\/greenbizzconsulting.co\/sitio\/?page_id=26"},"modified":"2019-10-08T16:43:28","modified_gmt":"2019-10-08T16:43:28","slug":"servicios-ambientales","status":"publish","type":"page","link":"https:\/\/greenbizzconsulting.com\/sitio\/servicios-ambientales\/","title":{"rendered":"Servicios Ambientales"},"content":{"rendered":"\n<div class=\"wp-block-image\"><figure class=\"aligncenter\"><img loading=\"lazy\" decoding=\"async\" width=\"213\" height=\"159\" src=\"http:\/\/greenbizzconsulting.co\/sitio\/wp-content\/uploads\/2019\/10\/servicios-ambientales-2.jpg\" alt=\"\" class=\"wp-image-27\"\/><\/figure><\/div>\n\n\n\n<p>Asesor\u00eda, formulaci\u00f3n, canalizaci\u00f3n de recursos, desarrollo, evaluaci\u00f3n y seguimiento de proyectos en Servicios Ambientales como los derivados del uso racional de la Biodiversidad, ecoturismo y turismo alternativo, mercados de carbono, protecci\u00f3n y conservaci\u00f3n de cuencas y microcuencas, arborizaci\u00f3n, reforestaci\u00f3n, potabilizaci\u00f3n y saneamiento b\u00e1sico. Introducci\u00f3n del concepto de banca verde y cooperativismo ecol\u00f3gico.<\/p>\n\n\n\n<div class=\"wp-block-image\"><figure class=\"alignright is-resized\"><img loading=\"lazy\" decoding=\"async\" src=\"http:\/\/greenbizzconsulting.co\/sitio\/wp-content\/uploads\/2019\/10\/servicios-ambientales-1-1024x768.jpg\" alt=\"\" class=\"wp-image-28\" width=\"239\" height=\"180\" srcset=\"https:\/\/greenbizzconsulting.com\/sitio\/wp-content\/uploads\/2019\/10\/servicios-ambientales-1-1024x768.jpg 1024w, https:\/\/greenbizzconsulting.com\/sitio\/wp-content\/uploads\/2019\/10\/servicios-ambientales-1-300x225.jpg 300w, https:\/\/greenbizzconsulting.com\/sitio\/wp-content\/uploads\/2019\/10\/servicios-ambientales-1-768x576.jpg 768w, https:\/\/greenbizzconsulting.com\/sitio\/wp-content\/uploads\/2019\/10\/servicios-ambientales-1-1568x1176.jpg 1568w\" sizes=\"(max-width: 239px) 100vw, 239px\" \/><\/figure><\/div>\n\n\n\n<figure class=\"wp-block-image is-resized\"><img loading=\"lazy\" decoding=\"async\" src=\"http:\/\/greenbizzconsulting.co\/sitio\/wp-content\/uploads\/2019\/10\/servicios-ambientales-3-1-1024x768.jpg\" alt=\"\" class=\"wp-image-31\" width=\"231\" height=\"173\" srcset=\"https:\/\/greenbizzconsulting.com\/sitio\/wp-content\/uploads\/2019\/10\/servicios-ambientales-3-1-1024x768.jpg 1024w, https:\/\/greenbizzconsulting.com\/sitio\/wp-content\/uploads\/2019\/10\/servicios-ambientales-3-1-300x225.jpg 300w, https:\/\/greenbizzconsulting.com\/sitio\/wp-content\/uploads\/2019\/10\/servicios-ambientales-3-1-768x576.jpg 768w, https:\/\/greenbizzconsulting.com\/sitio\/wp-content\/uploads\/2019\/10\/servicios-ambientales-3-1-1568x1176.jpg 1568w\" sizes=\"(max-width: 231px) 100vw, 231px\" \/><\/figure>\n\n\n","protected":false},"excerpt":{"rendered":"<p>Asesor\u00eda, formulaci\u00f3n, canalizaci\u00f3n de recursos, desarrollo, evaluaci\u00f3n y seguimiento de proyectos en Servicios Ambientales como los derivados del uso racional de la Biodiversidad, ecoturismo y turismo alternativo, mercados de carbono, protecci\u00f3n y conservaci\u00f3n de cuencas y microcuencas, arborizaci\u00f3n, reforestaci\u00f3n, potabilizaci\u00f3n y saneamiento b\u00e1sico. Introducci\u00f3n del concepto de banca verde y cooperativismo ecol\u00f3gico.<\/p>\n","protected":false},"author":1,"featured_media":0,"parent":0,"menu_order":0,"comment_status":"closed","ping_status":"closed","template":"","meta":{"footnotes":""},"_links":{"self":[{"href":"https:\/\/greenbizzconsulting.com\/sitio\/wp-json\/wp\/v2\/pages\/26"}],"collection":[{"href":"https:\/\/greenbizzconsulting.com\/sitio\/wp-json\/wp\/v2\/pages"}],"about":[{"href":"https:\/\/greenbizzconsulting.com\/sitio\/wp-json\/wp\/v2\/types\/page"}],"author":[{"embeddable":true,"href":"https:\/\/greenbizzconsulting.com\/sitio\/wp-json\/wp\/v2\/users\/1"}],"replies":[{"embeddable":true,"href":"https:\/\/greenbizzconsulting.com\/sitio\/wp-json\/wp\/v2\/comments?post=26"}],"version-history":[{"count":1,"href":"https:\/\/greenbizzconsulting.com\/sitio\/wp-json\/wp\/v2\/pages\/26\/revisions"}],"predecessor-version":[{"id":32,"href":"https:\/\/greenbizzconsulting.com\/sitio\/wp-json\/wp\/v2\/pages\/26\/revisions\/32"}],"wp:attachment":[{"href":"https:\/\/greenbizzconsulting.com\/sitio\/wp-json\/wp\/v2\/media?parent=26"}],"curies":[{"name":"wp","href":"https:\/\/api.w.org\/{rel}","templated":true}]}}