{"id":11,"date":"2019-10-07T22:02:46","date_gmt":"2019-10-07T22:02:46","guid":{"rendered":"http:\/\/greenbizzconsulting.co\/sitio\/?page_id=11"},"modified":"2019-10-08T16:41:37","modified_gmt":"2019-10-08T16:41:37","slug":"aliados","status":"publish","type":"page","link":"https:\/\/greenbizzconsulting.com\/sitio\/aliados\/","title":{"rendered":"Aliados"},"content":{"rendered":"\n<div class=\"wp-block-image\"><figure class=\"aligncenter\"><img loading=\"lazy\" decoding=\"async\" width=\"200\" height=\"115\" src=\"http:\/\/greenbizzconsulting.co\/sitio\/wp-content\/uploads\/2019\/10\/banner_argencert_200_115.png\" alt=\"\" class=\"wp-image-15\"\/><\/figure><\/div>\n\n\n\n<p>Argencert es una empresa dedicada a  la certificaci\u00f3n desde 1991. Garantiza la calidad org\u00e1nica de un producto desde su origen hasta el resultado final, certificando tanto productos primarios como elaborados e insumos. Con los a\u00f1os hemos incorporado otros servicios como la certificaci\u00f3n de atributos de calidad agroalimentaria, trazabilidad, EUREPGAP y otros.<\/p>\n\n\n\n<p>Participa en numerosas ferias, congresos, seminarios, comisiones y equipos de trabajoi nacional e internacional. La actualizaci\u00f3n cont\u00ednua de nuestro staff permite que nuestros productores certificados siemrpe tengan infomaci\u00f3n disponible sobre los requisitos de todos los mercados del mundo.<\/p>\n\n\n\n<p>Argencert ha realizado m\u00faltiples consltor\u00edas internacionales para  la FAO y la IFOAM sobre diversos temas de actualidad, tales como la armonizaci\u00f3n normativa y la justicia social.<\/p>\n\n\n\n<p>ARGENCERT es mienbro de CERTIBIONET ( asociaci\u00f3n de los organismos de control y certificaci\u00f3n en agricultura biol\u00f3gica).<\/p>\n\n\n\n<p>ARGENCERT es Miebro Asociado de la OTA (Organic Trade Association).<\/p>\n\n\n\n<p>Last Updated on Saturday, 01 June 2013 17:39READ MORE\u2026<\/p>\n\n\n\n<p><strong>Hidrolution, Tecnolog\u00eda Alternativa para la Depuraci\u00f3n de Aguas Residuales<\/strong><\/p>\n\n\n\n<div class=\"wp-block-image\"><figure class=\"aligncenter\"><img loading=\"lazy\" decoding=\"async\" width=\"257\" height=\"344\" src=\"http:\/\/greenbizzconsulting.co\/sitio\/wp-content\/uploads\/2019\/10\/aliados2.png\" alt=\"\" class=\"wp-image-12\" srcset=\"https:\/\/greenbizzconsulting.com\/sitio\/wp-content\/uploads\/2019\/10\/aliados2.png 257w, https:\/\/greenbizzconsulting.com\/sitio\/wp-content\/uploads\/2019\/10\/aliados2-224x300.png 224w\" sizes=\"(max-width: 257px) 100vw, 257px\" \/><\/figure><\/div>\n\n\n\n<p><\/p>\n\n\n\n<p>Eco-friendly purification<br>\nGreenBizzConsulting siempre est\u00e1 en constante mejoramiento de sus productos y servicios, desarrollando tecnolog\u00edas amigables con el medio ambiente que se adapten a la gran necesidad ecol\u00f3gica del planeta, por eso en esta ocasi\u00f3n se ha  aliado estrat\u00e9gicamente con Hidrolution eco-friendly purification, empresa dedicada a la purificaci\u00f3n y tratamiento de aguas residuales con un innovador sistema llamado Hidrolution FMF que comparado con las tecnolog\u00edas convencionales, supone una revoluci\u00f3n en los sistemas de tratamientos de agua, ya que hace realmente posible la sostenibilidad medioambiental y econ\u00f3mica en la regeneraci\u00f3n de  aguas residuales.<\/p>\n\n\n\n<p>Esta alianza representa una novedad en la purificaci\u00f3n de aguas residuales en Colombia. El sistema Hidrolution FMF es propiedad de la Universidad Polit\u00e9cnica de Madrid, y los derechos de explotaci\u00f3n pertenecen en exclusiva a Macrofitas SL, que a su vez, dispone en propiedad de las patentes complementarias del sistema Hidrolution.<\/p>\n\n\n\n<p>Hidrolution est\u00e1 marcando un importante hito en la evoluci\u00f3n de los sistemas de tratamiento de aguas, y posiblemente sea respecto a la depuraci\u00f3n, lo que las tecnolog\u00edas solares y e\u00f3licas lo est\u00e1n siendo para la energ\u00eda. La expansi\u00f3n de esta Innovaci\u00f3n es una extraordinaria contribuci\u00f3n al desarrollo sostenible y a la mejora del medio ambiente, habiendo sido menci\u00f3n de honor en KYOTO 2003.<\/p>\n\n\n\n<p>Last Updated on Thursday, 14 June 2012 19:21READ MORE\u2026<\/p>\n\n\n\n<p>www.greenbizzconsulting.com | info@greenbizzconsulting.com<br>\nTodos los Derechos Reser<\/p>\n","protected":false},"excerpt":{"rendered":"<p>Argencert es una empresa dedicada a la certificaci\u00f3n desde 1991. Garantiza la calidad org\u00e1nica de un producto desde su origen hasta el resultado final, certificando tanto productos primarios como elaborados e insumos. Con los a\u00f1os hemos incorporado otros servicios como la certificaci\u00f3n de atributos de calidad agroalimentaria, trazabilidad, EUREPGAP y otros. Participa en numerosas ferias, <a href=\"https:\/\/greenbizzconsulting.com\/sitio\/aliados\/\" rel=\"nofollow\"><span class=\"sr-only\">Read more about Aliados<\/span>[&hellip;]<\/a><\/p>\n","protected":false},"author":1,"featured_media":0,"parent":0,"menu_order":0,"comment_status":"closed","ping_status":"closed","template":"","meta":{"footnotes":""},"_links":{"self":[{"href":"https:\/\/greenbizzconsulting.com\/sitio\/wp-json\/wp\/v2\/pages\/11"}],"collection":[{"href":"https:\/\/greenbizzconsulting.com\/sitio\/wp-json\/wp\/v2\/pages"}],"about":[{"href":"https:\/\/greenbizzconsulting.com\/sitio\/wp-json\/wp\/v2\/types\/page"}],"author":[{"embeddable":true,"href":"https:\/\/greenbizzconsulting.com\/sitio\/wp-json\/wp\/v2\/users\/1"}],"replies":[{"embeddable":true,"href":"https:\/\/greenbizzconsulting.com\/sitio\/wp-json\/wp\/v2\/comments?post=11"}],"version-history":[{"count":2,"href":"https:\/\/greenbizzconsulting.com\/sitio\/wp-json\/wp\/v2\/pages\/11\/revisions"}],"predecessor-version":[{"id":16,"href":"https:\/\/greenbizzconsulting.com\/sitio\/wp-json\/wp\/v2\/pages\/11\/revisions\/16"}],"wp:attachment":[{"href":"https:\/\/greenbizzconsulting.com\/sitio\/wp-json\/wp\/v2\/media?parent=11"}],"curies":[{"name":"wp","href":"https:\/\/api.w.org\/{rel}","templated":true}]}}